{"id":968,"date":"2025-05-20T15:00:20","date_gmt":"2025-05-20T15:00:20","guid":{"rendered":"https:\/\/meubuzios.com\/968-2\/"},"modified":"2025-06-01T01:29:10","modified_gmt":"2025-06-01T01:29:10","slug":"968-2","status":"publish","type":"page","link":"https:\/\/meubuzios.com\/de\/","title":{"rendered":""},"content":{"rendered":"\n<figure class=\"wp-block-pullquote\"><blockquote><p><strong>B\u00fazios ist eine paradiesische Halbinsel im brasilianischen Bundesstaat Rio de Janeiro, ein ehemaliges Fischerdorf, das sich zu einem der mond\u00e4nsten Reiseziele S\u00fcdamerikas entwickelt hat. Zwischen dem unendlichen Blau des Ozeans und dem kultivierten Charme eines Fischerdorfs ist B\u00fazios der Ort, an dem sich die Welt trifft, um unvergessliche Erfahrungen zu machen. B\u00fazios erwartet Sie mit mehr als 20 paradiesischen Str\u00e4nden. Ihr n\u00e4chstes brasilianisches Abenteuer beginnt hier!<\/strong><\/p><\/blockquote><\/figure>\n<!-- directorist-shortcode:: [ directorist_tag] -->\n<div class=\"directorist-archive-contents directorist-contents-wrap directorist-w-100 directorist-instant-search\"data-atts=\"{&quot;listings_per_page&quot;:100,&quot;columns&quot;:1,&quot;view&quot;:&quot;grid&quot;,&quot;orderby&quot;:&quot;date&quot;,&quot;order&quot;:&quot;desc&quot;,&quot;show_pagination&quot;:&quot;no&quot;,&quot;header&quot;:&quot;yes&quot;,&quot;header_title&quot;:&quot;Items Found&quot;,&quot;logged_in_user_only&quot;:&quot;no&quot;,&quot;map_height&quot;:500,&quot;map_zoom_level&quot;:0,&quot;is_block_editor&quot;:true,&quot;tag&quot;:&quot;&quot;,&quot;shortcode&quot;:&quot;directorist_tag&quot;,&quot;_current_page&quot;:&quot;listing&quot;,&quot;category_custom_fields_relations&quot;:[]}\">\n\n\t\n\t\t\n\t\t<div class=\"directorist-archive-contents__top\">\n\t\t\t\n<div class=\"directorist-all-listing-btn\">\n    <div class=\"directorist-all-listing-btn__back\">\n\t\t<a href=\"#\" class=\"directorist-btn__back\"><i class=\"directorist-icon-mask\" aria-hidden=\"true\" style=\"--directorist-icon: url(https:\/\/meubuzios.com\/wp-content\/plugins\/directorist\/assets\/icons\/line-awesome\/svgs\/arrow-left-solid.svg)\"><\/i><\/a>\n\t<\/div>\n\n    <div class=\"directorist-all-listing-btn__basic\">\n\t\t<a href=\"#\" class=\"directorist-btn directorist-btn-light directorist-modal-btn directorist-modal-btn--basic\"><i class=\"directorist-icon-mask\" aria-hidden=\"true\" style=\"--directorist-icon: url(https:\/\/meubuzios.com\/wp-content\/plugins\/directorist\/assets\/icons\/line-awesome\/svgs\/search-solid.svg)\"><\/i> Search<\/a>\n\t<\/div>\n\n    <div class=\"directorist-all-listing-btn__advanced\">\n        <a href=\"#\" class=\"directorist-modal-btn directorist-modal-btn--advanced\"><i class=\"directorist-icon-mask\" aria-hidden=\"true\" style=\"--directorist-icon: url(https:\/\/meubuzios.com\/wp-content\/plugins\/directorist\/assets\/icons\/font-awesome\/svgs\/solid\/sliders-h.svg)\"><\/i><\/a>\n    <\/div>\n<\/div>\n<div class=\"directorist-all-listing-modal\">\n    <form action=\"https:\/\/meubuzios.com\/search-result\/\" class=\"directorist-search-form\" data-atts=\"{&quot;category_custom_fields_relations&quot;:[]}\">\n        <div class=\"directorist-search-modal directorist-search-modal--advanced\">\n            <div class=\"directorist-search-modal__overlay\"><\/div>\n            <div class=\"directorist-search-adv-filter directorist-advanced-filter directorist-search-modal__contents\">\n                <div class=\"directorist-search-modal__contents__header\">\n                    <h3 class=\"directorist-search-modal__contents__title\">More Filters<\/h3>\n                    <button class=\"directorist-search-modal__contents__btn directorist-search-modal__contents__btn--close\"><i class=\"directorist-icon-mask\" aria-hidden=\"true\" style=\"--directorist-icon: url(https:\/\/meubuzios.com\/wp-content\/plugins\/directorist\/assets\/icons\/font-awesome\/svgs\/solid\/times.svg)\"><\/i><\/button>\n                    <span class=\"directorist-search-modal__minimizer\"><\/span>\n                <\/div>\n                <div class=\"directorist-search-modal__contents__body\">\n                                    <\/div>\n                <div class=\"directorist-search-modal__contents__footer\">\n                    \n<div class=\"directorist-advanced-filter__action directorist-flex directorist-align-center directorist-justify-content-between flex-wrap\">\n\n\t\t\t<button type=\"submit\" class=\"directorist-btn directorist-btn-sm directorist-btn-submit\">Apply Filters<\/button>\n\t\n\t\t\t<button type=\"submit\" class=\"directorist-btn-reset-js\">Reset Filters<\/button>\n\t\n<\/div>                <\/div>\n            <\/div>\n        <\/div>\n        <div class=\"directorist-search-modal directorist-search-modal--basic\">\n            <div class=\"directorist-search-modal__overlay\"><\/div>\n            <div class=\"directorist-search-adv-filter directorist-advanced-filter directorist-search-modal__contents\">\n                <span class=\"directorist-search-modal__minimizer\"><\/span>\n                <div class=\"directorist-search-modal__contents__body\">\n                                        <button type=\"submit\" class=\"directorist-btn directorist-btn-white directorist-search-form-action__modal__btn-search\"><i class=\"directorist-icon-mask\" aria-hidden=\"true\" style=\"--directorist-icon: url(https:\/\/meubuzios.com\/wp-content\/plugins\/directorist\/assets\/icons\/line-awesome\/svgs\/search-solid.svg)\"><\/i> Search<\/button>\n                <\/div>\n            <\/div>\n        <\/div>\n    <\/form>\n<\/div>\n\n<div class=\"directorist-header-bar\">\n\n\t<div class=\"directorist-container-fluid\">\n\n\t\t\n\t\t\t<div class=\"directorist-listings-header\">\n\n\t\t\t\t\n\t\t\t\t\n\t\t\t\t\t<div class=\"directorist-listings-header__left\">\n\n\t\t\t\t\t\t\t\t\t\t\t\t\t<button class=\"directorist-btn directorist-btn-sm directorist-filter-btn directorist-modal-btn directorist-modal-btn--full\" aria-label=\"Modal Button\"><i class=\"directorist-icon-mask\" aria-hidden=\"true\" style=\"--directorist-icon: url(https:\/\/meubuzios.com\/wp-content\/plugins\/directorist\/assets\/icons\/line-awesome\/svgs\/filter-solid.svg)\"><\/i> Filters<\/button>\n\t\t\t\t\t\t\n\t\t\t\t\t\t\t\t\t\t\t<\/div>\n\n\t\t\t\t\n\t\t\t\t\n\t\t\t\t\n\t\t\t\t\t<div class=\"directorist-listings-header__right\">\n\n\t\t\t\t\t\t<div class=\"directorist-listings-header__actions\">\n\n\t\t\t\t\t\t\t\n<div class=\"directorist-dropdown directorist-dropdown-js directorist-sortby-dropdown\">\n\n\t<button class=\"directorist-dropdown__toggle directorist-dropdown__toggle-js directorist-btn directorist-btn-sm directorist-toggle-has-icon\">Sort By<span class=\"directorist-icon-caret\"><\/span><\/button>\n\n\t<div class=\"directorist-dropdown__links directorist-dropdown__links-js directorist-dropdown__links__right\">\n\n\t\t<form id=\"directorsit-listing-sort\" method=\"post\" action=\"#\">\n\t\t\t\t\t\t\t<a href=\"#\" class=\"directorist-dropdown__links__single directorist-dropdown__links__single-js \" data-link=\"\/de\/wp-json\/wp\/v2\/pages\/968?sort=title-asc\">A to Z (title)<\/a>\n\t\t\t\t\t\t\t\t<a href=\"#\" class=\"directorist-dropdown__links__single directorist-dropdown__links__single-js \" data-link=\"\/de\/wp-json\/wp\/v2\/pages\/968?sort=title-desc\">Z to A (title)<\/a>\n\t\t\t\t\t\t\t\t<a href=\"#\" class=\"directorist-dropdown__links__single directorist-dropdown__links__single-js \" data-link=\"\/de\/wp-json\/wp\/v2\/pages\/968?sort=date-desc\">Latest listings<\/a>\n\t\t\t\t\t\t\t\t<a href=\"#\" class=\"directorist-dropdown__links__single directorist-dropdown__links__single-js \" data-link=\"\/de\/wp-json\/wp\/v2\/pages\/968?sort=date-asc\">Oldest listings<\/a>\n\t\t\t\t\t\t\t\t<a href=\"#\" class=\"directorist-dropdown__links__single directorist-dropdown__links__single-js \" data-link=\"\/de\/wp-json\/wp\/v2\/pages\/968?sort=views-desc\">Popular listings<\/a>\n\t\t\t\t\t\t\t\t<a href=\"#\" class=\"directorist-dropdown__links__single directorist-dropdown__links__single-js \" data-link=\"\/de\/wp-json\/wp\/v2\/pages\/968?sort=rand\">Random listings<\/a>\n\t\t\t\t\t\t<\/form>\n\n\t<\/div>\n\n<\/div>\n<div class=\"directorist-viewas\">\n\t<!-- Archive sidebar offcanvas toggle -->\n\t\t\n\t\n\t\t<a class=\"directorist-viewas__item directorist-viewas__item--grid active\" href=\"\/de\/wp-json\/wp\/v2\/pages\/968?view=grid\" aria-label=\"grid view\">\n\t\t\t\t\t\t\t<i class=\"directorist-icon-mask\" aria-hidden=\"true\" style=\"--directorist-icon: url(https:\/\/meubuzios.com\/wp-content\/plugins\/directorist\/assets\/icons\/line-awesome\/svgs\/grip-horizontal-solid.svg)\"><\/i>\t\t\t\t\t<\/a>\n\t\n\t\t<a class=\"directorist-viewas__item directorist-viewas__item--list \" href=\"\/de\/wp-json\/wp\/v2\/pages\/968?view=list\" aria-label=\"list view\">\n\t\t\t\t\t\t\t<i class=\"directorist-icon-mask\" aria-hidden=\"true\" style=\"--directorist-icon: url(https:\/\/meubuzios.com\/wp-content\/plugins\/directorist\/assets\/icons\/line-awesome\/svgs\/list-solid.svg)\"><\/i>\t\t\t\t\t<\/a>\n\t\n\t\t<a class=\"directorist-viewas__item directorist-viewas__item--map \" href=\"\/de\/wp-json\/wp\/v2\/pages\/968?view=map\" aria-label=\"map view\">\n\t\t\t\t\t\t\t<i class=\"directorist-icon-mask\" aria-hidden=\"true\" style=\"--directorist-icon: url(https:\/\/meubuzios.com\/wp-content\/plugins\/directorist\/assets\/icons\/line-awesome\/svgs\/map-solid.svg)\"><\/i>\t\t\t\tShow Map\t\t\t\t\t<\/a>\n\t<\/div>\t\t\t\t\t\t\t\n\t\t\t\t\t\t<\/div>\n\t\t\t\t\t\t\n\t\t\t\t\t<\/div>\n\n\t\t\t\t\n\t\t\t<\/div>\n\n\t\t\n\t<\/div>\n\n<\/div>\n<div class=\"directorist-search-modal directorist-search-modal--full\">\n\t<div class=\"directorist-search-modal__overlay\"><\/div>\n\t<div class=\"directorist-search-modal__contents directorist-archive-adv-filter directorist-advanced-filter\">\n\t\t<form action=\"https:\/\/meubuzios.com\/search-result\/\" class=\"directorist-advanced-filter__form\">\n\t\t\t<div class=\"directorist-search-modal__contents__header\">\n\t\t\t\t<h3 class=\"directorist-search-modal__contents__title\">More Filters<\/h3>\n\t\t\t\t<button class=\"directorist-search-modal__contents__btn directorist-search-modal__contents__btn--close\">\n\t\t\t\t\t<i class=\"directorist-icon-mask\" aria-hidden=\"true\" style=\"--directorist-icon: url(https:\/\/meubuzios.com\/wp-content\/plugins\/directorist\/assets\/icons\/font-awesome\/svgs\/solid\/times.svg)\"><\/i>\t\t\t\t<\/button>\n\t\t\t\t<span class=\"directorist-search-modal__minimizer\"><\/span>\n\t\t\t<\/div>\n\n\t\t\t<div class=\"directorist-search-modal__contents__body\">\n\t\t\t\t<input type=\"hidden\" name='directory_type' value='0'>\n\t\t\t\t<div class=\"directorist-advanced-filter__basic\">\n\t\t\t\t\t\t\t\t\t<\/div>\n\n\t\t\t\t<div class=\"directorist-advanced-filter__advanced\">\n\t\t\t\t\t\t\t\t\t<\/div>\n\t\t\t<\/div>\n\n\t\t\t<div class=\"directorist-search-modal__contents__footer\">\n\t\t\t\t\n<div class=\"directorist-advanced-filter__action directorist-flex directorist-align-center directorist-justify-content-between flex-wrap\">\n\n\t\t\t<button type=\"submit\" class=\"directorist-btn directorist-btn-sm directorist-btn-submit\">Apply Filters<\/button>\n\t\n\t\t\t<button type=\"submit\" class=\"directorist-btn-reset-js\">Reset Filters<\/button>\n\t\n<\/div>\t\t\t<\/div>\n\t\t<\/form>\n\t<\/div>\n<\/div>\t\t<\/div>\n\n\t\t<div class=\"directorist-archive-contents__listings\"> \n<div class=\"directorist-archive-items directorist-archive-grid-view \">\n\t<div class=\"directorist-container-fluid\">\n\n\t\t\n\t\t\n\t\t\t<div class=\"directorist-archive-notfound\">No listings found.<\/div>\n\n\t\t\t<\/div>\n<\/div> <\/div>\n\n\t<\/div>\n<p><\/p>\n","protected":false},"excerpt":{"rendered":"<p>B\u00fazios ist eine paradiesische Halbinsel im brasilianischen Bundesstaat Rio de Janeiro, ein ehemaliges Fischerdorf, das sich zu einem der mond\u00e4nsten Reiseziele S\u00fcdamerikas entwickelt hat. Zwischen dem unendlichen Blau des Ozeans und dem kultivierten Charme eines Fischerdorfs ist B\u00fazios der Ort, an dem sich die Welt trifft, um unvergessliche Erfahrungen zu machen. B\u00fazios erwartet Sie mit [&hellip;]<\/p>\n","protected":false},"author":1,"featured_media":0,"parent":0,"menu_order":0,"comment_status":"closed","ping_status":"closed","template":"","meta":{"footnotes":""},"class_list":["post-968","page","type-page","status-publish","hentry"],"_links":{"self":[{"href":"https:\/\/meubuzios.com\/de\/wp-json\/wp\/v2\/pages\/968","targetHints":{"allow":["GET"]}}],"collection":[{"href":"https:\/\/meubuzios.com\/de\/wp-json\/wp\/v2\/pages"}],"about":[{"href":"https:\/\/meubuzios.com\/de\/wp-json\/wp\/v2\/types\/page"}],"author":[{"embeddable":true,"href":"https:\/\/meubuzios.com\/de\/wp-json\/wp\/v2\/users\/1"}],"replies":[{"embeddable":true,"href":"https:\/\/meubuzios.com\/de\/wp-json\/wp\/v2\/comments?post=968"}],"version-history":[{"count":1,"href":"https:\/\/meubuzios.com\/de\/wp-json\/wp\/v2\/pages\/968\/revisions"}],"predecessor-version":[{"id":969,"href":"https:\/\/meubuzios.com\/de\/wp-json\/wp\/v2\/pages\/968\/revisions\/969"}],"wp:attachment":[{"href":"https:\/\/meubuzios.com\/de\/wp-json\/wp\/v2\/media?parent=968"}],"curies":[{"name":"wp","href":"https:\/\/api.w.org\/{rel}","templated":true}]}}